{"id":366,"date":"2019-09-22T11:27:47","date_gmt":"2019-09-22T11:27:47","guid":{"rendered":"http:\/\/schauraum.at.w019acaa.kasserver.com\/?product=import-placeholder-for-890"},"modified":"2020-10-16T10:29:54","modified_gmt":"2020-10-16T08:29:54","slug":"vase-full-moon","status":"publish","type":"product","link":"https:\/\/www.schauraum.at\/en\/product\/vase-full-moon\/","title":{"rendered":"Full Moon\" Vase"},"content":{"rendered":"<h1>Full Moon\" Vase<\/h1>\n<h2>Full Moon\" Vase by Jaqueline Guenot<\/h2>\n<p>\"FULL MOON\" is a vase and a sculpture at the same time. French designer Jacqueline Gu\u00e9not plays with form, emptiness and material. The material is Resina, a plastic that conveys lightness through its translucence and was chosen in extraordinary colours for this series. The designer sees her work as a homage to nature.<\/p>","protected":false},"excerpt":{"rendered":"<p>Jacqueline Gu\u00e9not<\/p>\n<p>&nbsp;<\/p>\n<p>Material: Resina, matt<br \/>\nSizes: 175\u00d7205 mm, 200\u00d7230 mm, 225\u00d7255 mm<br \/>\nDifferent colours available in polished and matt.<\/p>\n<p>&nbsp;<\/p>","protected":false},"featured_media":5170,"template":"","meta":[],"product_brand":[],"product_cat":[25],"product_tag":[],"class_list":{"0":"post-366","1":"product","2":"type-product","3":"status-publish","4":"has-post-thumbnail","6":"product_cat-wohnkultur","8":"first","9":"instock","10":"taxable","11":"shipping-taxable","12":"purchasable","13":"product-type-variable"},"_links":{"self":[{"href":"https:\/\/www.schauraum.at\/en\/wp-json\/wp\/v2\/product\/366","targetHints":{"allow":["GET"]}}],"collection":[{"href":"https:\/\/www.schauraum.at\/en\/wp-json\/wp\/v2\/product"}],"about":[{"href":"https:\/\/www.schauraum.at\/en\/wp-json\/wp\/v2\/types\/product"}],"wp:featuredmedia":[{"embeddable":true,"href":"https:\/\/www.schauraum.at\/en\/wp-json\/wp\/v2\/media\/5170"}],"wp:attachment":[{"href":"https:\/\/www.schauraum.at\/en\/wp-json\/wp\/v2\/media?parent=366"}],"wp:term":[{"taxonomy":"product_brand","embeddable":true,"href":"https:\/\/www.schauraum.at\/en\/wp-json\/wp\/v2\/product_brand?post=366"},{"taxonomy":"product_cat","embeddable":true,"href":"https:\/\/www.schauraum.at\/en\/wp-json\/wp\/v2\/product_cat?post=366"},{"taxonomy":"product_tag","embeddable":true,"href":"https:\/\/www.schauraum.at\/en\/wp-json\/wp\/v2\/product_tag?post=366"}],"curies":[{"name":"wp","href":"https:\/\/api.w.org\/{rel}","templated":true}]}}