{"id":4300,"date":"2020-10-07T15:29:55","date_gmt":"2020-10-07T13:29:55","guid":{"rendered":"http:\/\/localhost:8888\/sr20\/?page_id=4300"},"modified":"2020-11-03T14:02:50","modified_gmt":"2020-11-03T13:02:50","slug":"ueber-uns","status":"publish","type":"page","link":"https:\/\/www.schauraum.at\/en\/ueber-uns\/","title":{"rendered":"About Us"},"content":{"rendered":"<h1>\u00dcBER UNS<\/h1>\n<p>&nbsp;<\/p>\n<div class=\"uk-grid\">\n<div class=\"uk-width-small-2-3\">\n<h3>Schauraum f\u00fcr angewandte Kunst<\/h3>\n<p>Der SCHAURAUM F\u00dcR ANGEWANDTE KUNST ist <strong>Shop und Galerie f\u00fcr Design<\/strong> mitten im 7. Bezirk in Wien seit 1997. Sie finden<strong> \u201eDinge des Alltags, die nicht allt\u00e4glich sind\u201c<\/strong> \u2013 modische Accessoires, Schmuck, Wohnaccessoires und Tischkultur mit einer bestimmten gestalterischen Idee und originellen Umsetzung, sowie \u201ewandelbare\u201c Strickmode und Schals aus Seide von austriandesign.at. Die gezeigten Wohn- und Tischaccessoires stammen von international anerkannten und mehrfach ausgezeichneten Designern.<\/p>\n<p>Eine hochwertige Auswahl des Produktprogrammes finden Sie im <a title=\"Zum Onlineshop\" href=\"http:\/\/www.schauraum.at\/shop\" target=\"_self\" rel=\"noopener noreferrer\">Onlineshop<\/a>, wo Sie rund um die Uhr online shoppen k\u00f6nnen.<\/p>\n<p>Mehr Produkte und Information, sowie eine fachkundige Beratung erhalten Sie im Gesch\u00e4ft in der Siebensterngasse 33 direkt von der Eigent\u00fcmerin und Designerin Karin Merkl nach Terminvereinbarung. Mit ihr k\u00f6nnen Sie auch <a title=\"Zu den Kontaktdaten\" href=\"http:\/\/www.schauraum.at\/kontakt\/\" target=\"_self\" rel=\"noopener noreferrer\">spezielle Kundenw\u00fcnsche<\/a> besprechen und in Auftrag geben.<\/p>\n<p>&nbsp;<\/p>\n\n\n<div id=\"wk-gridfb0\" class=\"uk-grid-width-1-1 uk-grid-width-small-1-3 uk-grid-width-medium-1-3 uk-grid-width-large-1-3 uk-grid-width-xlarge-1-5 uk-grid uk-grid-match \" data-uk-grid-match=\"{target:'> div > .uk-panel', row:true}\" data-uk-grid-margin >\n\n    \n    <div>\n    \n<div class=\"uk-panel\">\n\n    <div class=\"uk-panel-teaser\">\n\n        <figure class=\"uk-overlay uk-overlay-hover \">\n\n            <img decoding=\"async\" src=\"http:\/\/www.schauraum.at\/wp-content\/uploads\/showroom_wien_galerie1.jpg\" alt=\"Showroom Wien Galerie1\">\n            \n            \n                            <div class=\"uk-overlay-panel uk-overlay-icon uk-overlay-fade\"><\/div>\n            \n                                                                        <a class=\"uk-position-cover\" href=\"http:\/\/www.schauraum.at\/wp-content\/uploads\/showroom_wien_galerie1.jpg\" data-lightbox-type=\"image\" data-uk-lightbox=\"{group:'.wk-1fb0'}\" ><\/a>\n                                                \n        <\/figure>\n\n    <\/div>\n\n    \n        \n        \n    \n<\/div>\n    <\/div>\n\n        \n    <div>\n    \n<div class=\"uk-panel\">\n\n    <div class=\"uk-panel-teaser\">\n\n        <figure class=\"uk-overlay uk-overlay-hover \">\n\n            <img decoding=\"async\" src=\"http:\/\/www.schauraum.at\/wp-content\/uploads\/showroom_wien_galerie2.jpg\" alt=\"Showroom Wien Galerie2\">\n            \n            \n                            <div class=\"uk-overlay-panel uk-overlay-icon uk-overlay-fade\"><\/div>\n            \n                                                                        <a class=\"uk-position-cover\" href=\"http:\/\/www.schauraum.at\/wp-content\/uploads\/showroom_wien_galerie2.jpg\" data-lightbox-type=\"image\" data-uk-lightbox=\"{group:'.wk-1fb0'}\" ><\/a>\n                                                \n        <\/figure>\n\n    <\/div>\n\n    \n        \n        \n    \n<\/div>\n    <\/div>\n\n        \n    <div>\n    \n<div class=\"uk-panel\">\n\n    <div class=\"uk-panel-teaser\">\n\n        <figure class=\"uk-overlay uk-overlay-hover \">\n\n            <img decoding=\"async\" src=\"http:\/\/www.schauraum.at\/wp-content\/uploads\/showroom_wien_galerie4.jpg\" alt=\"Showroom Wien Galerie4\">\n            \n            \n                            <div class=\"uk-overlay-panel uk-overlay-icon uk-overlay-fade\"><\/div>\n            \n                                                                        <a class=\"uk-position-cover\" href=\"http:\/\/www.schauraum.at\/wp-content\/uploads\/showroom_wien_galerie4.jpg\" data-lightbox-type=\"image\" data-uk-lightbox=\"{group:'.wk-1fb0'}\" ><\/a>\n                                                \n        <\/figure>\n\n    <\/div>\n\n    \n        \n        \n    \n<\/div>\n    <\/div>\n\n        \n    <div>\n    \n<div class=\"uk-panel\">\n\n    <div class=\"uk-panel-teaser\">\n\n        <figure class=\"uk-overlay uk-overlay-hover \">\n\n            <img decoding=\"async\" src=\"http:\/\/www.schauraum.at\/wp-content\/uploads\/showroom_wien_galerie5.jpg\" alt=\"Showroom Wien Galerie5\">\n            \n            \n                            <div class=\"uk-overlay-panel uk-overlay-icon uk-overlay-fade\"><\/div>\n            \n                                                                        <a class=\"uk-position-cover\" href=\"http:\/\/www.schauraum.at\/wp-content\/uploads\/showroom_wien_galerie5.jpg\" data-lightbox-type=\"image\" data-uk-lightbox=\"{group:'.wk-1fb0'}\" ><\/a>\n                                                \n        <\/figure>\n\n    <\/div>\n\n    \n        \n        \n    \n<\/div>\n    <\/div>\n\n        \n    <div>\n    \n<div class=\"uk-panel\">\n\n    <div class=\"uk-panel-teaser\">\n\n        <figure class=\"uk-overlay uk-overlay-hover \">\n\n            <img decoding=\"async\" src=\"http:\/\/www.schauraum.at\/wp-content\/uploads\/showroom_wien_galerie6.jpg\" alt=\"Showroom Wien Galerie6\">\n            \n            \n                            <div class=\"uk-overlay-panel uk-overlay-icon uk-overlay-fade\"><\/div>\n            \n                                                                        <a class=\"uk-position-cover\" href=\"http:\/\/www.schauraum.at\/wp-content\/uploads\/showroom_wien_galerie6.jpg\" data-lightbox-type=\"image\" data-uk-lightbox=\"{group:'.wk-1fb0'}\" ><\/a>\n                                                \n        <\/figure>\n\n    <\/div>\n\n    \n        \n        \n    \n<\/div>\n    <\/div>\n\n    \n<\/div>\n\n\n<script>\n(function($){\n\n    \/\/ get the images of the gallery and replace it by a canvas of the same size to fix the problem with overlapping images on load.\n    $('img[width][height]:not(.uk-overlay-panel)', $('#wk-gridfb0')).each(function() {\n\n        var $img = $(this);\n\n        if (this.width == 'auto' || this.height == 'auto' || !$img.is(':visible')) {\n            return;\n        }\n\n        var $canvas = $('<canvas class=\"uk-responsive-width\"><\/canvas>').attr({width:$img.attr('width'), height:$img.attr('height')}),\n            img = new Image,\n            release = function() {\n                $canvas.remove();\n                $img.css('display', '');\n                release = function(){};\n            };\n\n        $img.css('display', 'none').after($canvas);\n\n        $(img).on('load', function(){ release(); });\n        setTimeout(function(){ release(); }, 1000);\n\n        img.src = this.src;\n\n    });\n\n})(jQuery);\n<\/script>\n\n<p>&nbsp;<\/p>\n<p><strong>Virtueller Rundgang<\/strong><\/p>\n<p>Ab sofort haben Sie auch die M\u00f6glichkeit, unseren Schauraum bei einem kleinen Rundgang virtuell zu besuchen.<\/p>\n<p><iframe loading=\"lazy\" style=\"border: 0;\" src=\"https:\/\/www.google.com\/maps\/embed?pb=!4v1553989557820!6m8!1m7!1sCAoSLEFGMVFpcE1VdnhfdHpzaU1rbDZkajNTTFB6SHEtTUJQQ1FZX1IyY0x1eDdH!2m2!1d48.20211917688282!2d16.35122420015728!3f270!4f-4.799999999999997!5f0.7820865974627469\" width=\"100%\" height=\"300\" frameborder=\"0\" allowfullscreen=\"allowfullscreen\"><\/iframe><\/p>\n<p>&nbsp;<\/p>\n<\/div>\n<div class=\"uk-width-small-1-3\">\n<p><img decoding=\"async\" src=\"http:\/\/www.schauraum.at\/wp-content\/uploads\/showroom_wien_galerie3.jpg\" alt=\"Schauraum f\u00fcr angewandte Kunst\" \/><\/p>\n<p>&nbsp;<\/p>\n<\/div>\n<\/div>\n<div class=\"uk-grid\">\n<div class=\"uk-width-small-2-3\">\n<h3>Die Eigent\u00fcmerin<\/h3>\n<p>Karin Merkl er\u00f6ffnete 1997 den SCHAURAUM F\u00dcR ANGEWANDTE KUNST im 7. Bezirk in Wien, eine Galerie f\u00fcr zeitgen\u00f6ssisches Kunsthandwerk und Design. In Gemeinschaftsaustellungen oder themenbezogenen Gruppenausstellungen wurden Unikate, Kleinserien und Prototypen von K\u00fcnstlern und Designer in den Materialien \u2013 Keramik, Metall, Holz, Glas, Textil gezeigt.<\/p>\n<p>2004 begann Karin Merkl \u00f6sterreichisches Produktdesign international zu vermarkten und nahm auf Messen in Frankfurt und Hamburg regelm\u00e4\u00dfig teil. Der Schauraum f\u00fcr angewandte Kunst wurde zur Designagentur und zum Designverlag. Viele der vertretenen Designer sind international anerkannt und mehrfach ausgezeichnet: Judith Rataitz (A), Margareta Niel (A), tonfisk (Fin) oder Jacqueline Guenot (F). In dieser Zeit entwarf Karin Merkl unter dem label kmdesign einige Tisch- und Wohnaccessoires.<\/p>\n<p>Seit 2006 entwirft Karin Merkl unter dem label <a title=\"Zur Webseite von austriandesign.at\" href=\"http:\/\/www.austriandesign.at\" target=\"_blank\" rel=\"noopener noreferrer\">austriandesign.at<\/a> modische Accessoires. Es ist vor allem das Thema \u201eSchal\u201c das sie interessiert. Den Schal, in seiner Grundform ein Rechteck, interpretiert und modifiziert sie so, dass er zum Bekleidungsst\u00fcck, zur reversiblen und variierbaren Mode f\u00fcr Damen wird. \u201eVor allem diese einfache Form des Rechtecks, aber auch das genaue Hinsehen, tradierte Gestaltungsprinzipien zu hinterfragen, Sch\u00f6nheit im Allt\u00e4glichen finden, Gewohntes zu ver\u00e4ndern: Das begeistert mich. Textiles ist daf\u00fcr ein gro\u00dfartiges Material!\u201c<\/p>\n<p>&nbsp;<\/p>\n<\/div>\n<div class=\"uk-width-small-1-3\">\n<p><img loading=\"lazy\" decoding=\"async\" class=\"alignright size-full wp-image-4343\" src=\"http:\/\/www.schauraum.at\/wp-content\/uploads\/auswahl_karinmerkl.jpg\" alt=\"\" width=\"600\" height=\"600\" srcset=\"https:\/\/www.schauraum.at\/wp-content\/uploads\/auswahl_karinmerkl.jpg 600w, https:\/\/www.schauraum.at\/wp-content\/uploads\/auswahl_karinmerkl-300x300.jpg 300w, https:\/\/www.schauraum.at\/wp-content\/uploads\/auswahl_karinmerkl-80x80.jpg 80w, https:\/\/www.schauraum.at\/wp-content\/uploads\/auswahl_karinmerkl-100x100.jpg 100w\" sizes=\"auto, (max-width: 600px) 100vw, 600px\" \/><\/p>\n<\/div>\n<\/div>\n","protected":false},"excerpt":{"rendered":"<p>\u00dcBER UNS &nbsp; Schauraum f\u00fcr angewandte Kunst Der SCHAURAUM F\u00dcR ANGEWANDTE KUNST ist Shop und Galerie f\u00fcr Design mitten im 7. Bezirk in Wien seit 1997. Sie finden \u201eDinge des Alltags, die nicht allt\u00e4glich sind\u201c \u2013 modische Accessoires, Schmuck, Wohnaccessoires und Tischkultur mit einer bestimmten gestalterischen Idee und originellen Umsetzung, sowie \u201ewandelbare\u201c Strickmode und Schals [&hellip;]<\/p>\n","protected":false},"author":1,"featured_media":0,"parent":0,"menu_order":0,"comment_status":"closed","ping_status":"closed","template":"","meta":{"footnotes":""},"class_list":["post-4300","page","type-page","status-publish","hentry"],"_links":{"self":[{"href":"https:\/\/www.schauraum.at\/en\/wp-json\/wp\/v2\/pages\/4300","targetHints":{"allow":["GET"]}}],"collection":[{"href":"https:\/\/www.schauraum.at\/en\/wp-json\/wp\/v2\/pages"}],"about":[{"href":"https:\/\/www.schauraum.at\/en\/wp-json\/wp\/v2\/types\/page"}],"author":[{"embeddable":true,"href":"https:\/\/www.schauraum.at\/en\/wp-json\/wp\/v2\/users\/1"}],"replies":[{"embeddable":true,"href":"https:\/\/www.schauraum.at\/en\/wp-json\/wp\/v2\/comments?post=4300"}],"version-history":[{"count":0,"href":"https:\/\/www.schauraum.at\/en\/wp-json\/wp\/v2\/pages\/4300\/revisions"}],"wp:attachment":[{"href":"https:\/\/www.schauraum.at\/en\/wp-json\/wp\/v2\/media?parent=4300"}],"curies":[{"name":"wp","href":"https:\/\/api.w.org\/{rel}","templated":true}]}}