{"id":4298,"date":"2020-10-07T15:29:30","date_gmt":"2020-10-07T13:29:30","guid":{"rendered":"http:\/\/localhost:8888\/sr20\/?page_id=4298"},"modified":"2026-03-12T03:03:10","modified_gmt":"2026-03-12T02:03:10","slug":"termine","status":"publish","type":"page","link":"https:\/\/www.schauraum.at\/en\/termine\/","title":{"rendered":"Dates"},"content":{"rendered":"<h1>DATES<\/h1>\n<p><strong>Our upcoming dates at a glance<\/strong><\/p>\n<p>&nbsp;<\/p>\n<div class=\"uk-grid\">\n<div class=\"uk-width-medium-2-3\">\n<h3>CITYQUARTIER im Palais Nieder\u00f6sterreich<\/h3>\n<p>DESIGN, MODE &amp; GENUSS STILVOLL INSZENIERT IM HERZEN WIENS.<\/p>\n<p>Zwischen WEIHNACHTSQUARTIER und FR\u00dcHLINGSQUARTIER zeigen wir beim neuen CITY DESIGNQUARTIER einmal mehr die sch\u00f6nsten Seiten der heimischen Design-Szene. Hier treffen Stil, Charakter und urbane Lebensfreude aufeinander. Das CITY DESIGNQUARTIER ist Treffpunkt f\u00fcr alle, die sich von zeitgen\u00f6ssischer Gestaltung in ihren unterschiedlichen Facetten inspirieren und verzaubern lassen.<\/p>\n<p>Eine der sch\u00f6nsten Event-Locations der Wiener Innenstadt bildet den exklusiven Rahmen f\u00fcr ein Wochenende voller Designliebe, Handwerkskunst, Qualit\u00e4t und au\u00dfergew\u00f6hnlicher Entdeckungen. Das CITY DESIGNQUARTIER pr\u00e4sentiert eine kuratierte Auswahl von Mode-, Schmuck-, Lifestyle- und Genusslabels, umgeben vom historischen Flair und urbaner Eleganz des Palais Nieder\u00f6sterreich.<\/p>\n<p>&nbsp;<\/p>\n<p><strong>WHEN AND WHERE:<\/strong><br \/>\n<strong>Friday, 3 to 8 pm<\/strong><br \/>\n<strong>Saturday, 10 am to 7 pm<\/strong><br \/>\n<strong>Sunday, 10 am to 6 pm<\/strong><\/p>\n<p>Palais Nieder\u00f6sterreich<br \/>\nHerrengasse 13, 1010 Wien<\/p>\n<p>EINTRITT:<br \/>\nTageskarte: \u20ac 10 (freier Eintritt bis 22 Jahre)<br \/>\nMehrtageskarte: \u20ac 15<\/p>\n<p>More info under <a href=\"https:\/\/citydesignquartier.at\" target=\"_blank\" rel=\"noopener\">www.citydesignquartier.at<\/a><\/p>\n<p>&nbsp;<\/p>\n<\/div>\n<div class=\"uk-width-medium-1-3\"><img decoding=\"async\" class=\"aligncenter size-full wp-image-9331\" src=\"https:\/\/www.schauraum.at\/wp-content\/uploads\/cityquartier2026_logo.png\" alt=\"\" width=\"100%\" \/><\/div>\n<\/div>\n<p>&nbsp;<\/p>\n<p>&nbsp;<\/p>","protected":false},"excerpt":{"rendered":"<p>TERMINE Unsere kommenden Termine im \u00dcberblick &nbsp; CITYQUARTIER im Palais Nieder\u00f6sterreich DESIGN, MODE &amp; GENUSS STILVOLL INSZENIERT IM HERZEN WIENS. Zwischen WEIHNACHTSQUARTIER und FR\u00dcHLINGSQUARTIER zeigen wir beim neuen CITY DESIGNQUARTIER einmal mehr die sch\u00f6nsten Seiten der heimischen Design-Szene. Hier treffen Stil, Charakter und urbane Lebensfreude aufeinander. Das CITY DESIGNQUARTIER ist Treffpunkt f\u00fcr alle, die sich [&hellip;]<\/p>\n","protected":false},"author":1,"featured_media":0,"parent":0,"menu_order":0,"comment_status":"closed","ping_status":"closed","template":"","meta":{"footnotes":""},"class_list":["post-4298","page","type-page","status-publish","hentry"],"_links":{"self":[{"href":"https:\/\/www.schauraum.at\/en\/wp-json\/wp\/v2\/pages\/4298","targetHints":{"allow":["GET"]}}],"collection":[{"href":"https:\/\/www.schauraum.at\/en\/wp-json\/wp\/v2\/pages"}],"about":[{"href":"https:\/\/www.schauraum.at\/en\/wp-json\/wp\/v2\/types\/page"}],"author":[{"embeddable":true,"href":"https:\/\/www.schauraum.at\/en\/wp-json\/wp\/v2\/users\/1"}],"replies":[{"embeddable":true,"href":"https:\/\/www.schauraum.at\/en\/wp-json\/wp\/v2\/comments?post=4298"}],"version-history":[{"count":14,"href":"https:\/\/www.schauraum.at\/en\/wp-json\/wp\/v2\/pages\/4298\/revisions"}],"predecessor-version":[{"id":9945,"href":"https:\/\/www.schauraum.at\/en\/wp-json\/wp\/v2\/pages\/4298\/revisions\/9945"}],"wp:attachment":[{"href":"https:\/\/www.schauraum.at\/en\/wp-json\/wp\/v2\/media?parent=4298"}],"curies":[{"name":"wp","href":"https:\/\/api.w.org\/{rel}","templated":true}]}}