{"id":4289,"date":"2020-10-07T15:19:25","date_gmt":"2020-10-07T13:19:25","guid":{"rendered":"http:\/\/localhost:8888\/sr20\/?page_id=4289"},"modified":"2020-10-07T16:31:13","modified_gmt":"2020-10-07T14:31:13","slug":"designer","status":"publish","type":"page","link":"https:\/\/www.schauraum.at\/en\/designer\/","title":{"rendered":"Designer"},"content":{"rendered":"<h1>DESIGNER<\/h1>\n<p>Alphabetical listing of the designers:<\/p>\n<p>&nbsp;<\/p>\n<h3>austriandesign.at<\/h3>\n<p>Label was founded in 2004 by Karin Merkl. Since 2004 participation in international fairs in Frankfurt, Berlin, Munich, Hamburg, D\u00fcsseldorf.<\/p>\n<hr \/>\n<h3>Tony Alfstr\u00f6m, MA<\/h3>\n<p>Born 1972 in Finland. Diploma from the University of Art and Design UIAH, Helsinki, Department of Ceramics and Glass, MA and Kuopio Design Academy, Ceramics, BA. Collaboration with Sarner Cristal Ag and Arabia, Designor Oy. 2000 Founded Tonfisk Design together with Brian Keaney. Awards (selection): Ornaris Design Award, Switzerland; Hackman Pro Design Award, Finland; International Ceramic Competition Mino, Japan.<\/p>\n<hr \/>\n<h3>Rainer F\u00fcreder<\/h3>\n<p>Born 1952 in Austria. 1983 - 88 Attended the Academy of Art Design in Linz Collections (excerpt): Albertina Graphic Collection, Vienna; New Gallery of the City of Linz; Upper Austrian Provincial Museum; Federal Ministry for Education and the Arts; Cultural Offices of the Provincial Governments of Upper and Lower Austria; Cultural Offices of the City of Linz and Braunau.<\/p>\n<hr \/>\n<h3>Brian Keaney, MA<\/h3>\n<p>Born 1974 in Ireland. Master of Arts in Ceramic and Glass, UIAH Finland and Bachelor of Design in Industrial Design, NCAD Republic of Ireland. Since 1998 own design studio and collaboration with Ilkka Suppanen. 2000 Founded Tonfisk Design together with Tony Alfstr\u00f6m. Awards (selection): Hackman Design Foundation, Finland; Nordplus, Orrefors Glass School, Sweden.<\/p>\n<hr \/>\n<h3>kmdesign<\/h3>\n<p>Label was founded in 2004 by Karin Merkl. Since 2004 presentation at international fairs.<\/p>\n<hr \/>\n<h3 class=\"uk-panel-title\">Ettore Moschetti, Liceo Artistico<\/h3>\n<p>Born in Naples in 1951. 1978 Diploma as sculptor at the Accademia di Belle Arti in Naples. Since 1980 exhibitions of painting, sculpture and etching at home and abroad. Lives and works in Milan.<\/p>\n<hr \/>\n<h3>Judith Rataitz, Mag. art<\/h3>\n<p>Born 1960 in Austria. 1984 Diploma with distinction in the master class for ceramics and product design - Prof. Matteo Thun. Since then freelance. Awards (excerpt): W\u00fcrdigungspreis of the Austrian Federal Ministry of Science and Research, Vienna; Austrian State Prize for Designing Crafts; Special Prize of the Province of Salzburg; Westerwald Prize for serially produced ceramics, Germany; BIO Ljubljiana, Slovenia.<\/p>\n<hr \/>\n<h3>Peter Waldbauer, Dipl. Ing.<\/h3>\n<p>Born 1956 in Austria. 1982 Diploma in architecture at the Vienna University of Technology. Worked in the studio of Prof. Ernst Hiesmayr, Vienna. Freelance work since 1994.<\/p>","protected":false},"excerpt":{"rendered":"<p>DESIGNER Alphabetische Auflistung der Designer: &nbsp; austriandesign.at Label wurde 2004 von Karin Merkl gegr\u00fcndet. Seit 2004 Teilnahme an internationalen Messen in Frankfurt, Berlin, M\u00fcnchen, Hamburg, D\u00fcsseldorf. Tony Alfstr\u00f6m, MA Geboren 1972 in Finnland. Diplom an der Universit\u00e4t f\u00fcr Kunst und Design UIAH, Helsinki, Abteilung Keramik und Glas, MA und Kuopio Design Academy, Keramik, BA. Zusammenarbeit [&hellip;]<\/p>\n","protected":false},"author":1,"featured_media":0,"parent":0,"menu_order":0,"comment_status":"closed","ping_status":"closed","template":"","meta":{"footnotes":""},"class_list":["post-4289","page","type-page","status-publish","hentry"],"_links":{"self":[{"href":"https:\/\/www.schauraum.at\/en\/wp-json\/wp\/v2\/pages\/4289","targetHints":{"allow":["GET"]}}],"collection":[{"href":"https:\/\/www.schauraum.at\/en\/wp-json\/wp\/v2\/pages"}],"about":[{"href":"https:\/\/www.schauraum.at\/en\/wp-json\/wp\/v2\/types\/page"}],"author":[{"embeddable":true,"href":"https:\/\/www.schauraum.at\/en\/wp-json\/wp\/v2\/users\/1"}],"replies":[{"embeddable":true,"href":"https:\/\/www.schauraum.at\/en\/wp-json\/wp\/v2\/comments?post=4289"}],"version-history":[{"count":0,"href":"https:\/\/www.schauraum.at\/en\/wp-json\/wp\/v2\/pages\/4289\/revisions"}],"wp:attachment":[{"href":"https:\/\/www.schauraum.at\/en\/wp-json\/wp\/v2\/media?parent=4289"}],"curies":[{"name":"wp","href":"https:\/\/api.w.org\/{rel}","templated":true}]}}