{"id":4286,"date":"2020-10-07T15:18:49","date_gmt":"2020-10-07T13:18:49","guid":{"rendered":"http:\/\/localhost:8888\/sr20\/?page_id=4286"},"modified":"2020-10-07T16:30:09","modified_gmt":"2020-10-07T14:30:09","slug":"custom-made","status":"publish","type":"page","link":"https:\/\/www.schauraum.at\/en\/custom-made\/","title":{"rendered":"Custom Made"},"content":{"rendered":"<div class=\"uk-grid\">\n<div class=\"uk-width-small-2-3\">\n<h1>KNIT FOR YOU - MAKE IT YOURS!<\/h1>\n<p><strong>Custom made!<\/strong><\/p>\n<p>Choose from the models of <a title=\"Open website of austriandesign.at\" href=\"https:\/\/www.austriandesign.at\" target=\"_blank\" rel=\"noopener noreferrer\">austriandesign.at<\/a> select your desired model and have it knitted to your measurements. Get creative yourself and individualise according to your specific wishes - measurements, colours and colour combinations.<\/p>\n<p>&nbsp;<\/p>\n<p><strong>Made to order!<\/strong><\/p>\n<p>You have a jumper, cardigan, scarf, ... and you want the model new or in another colour?<\/p>\n<p>You choose from 11 merino wool colours and we knit your favourite model according to your personal wishes - measurements, colours and colour combinations.<\/p>\n<p>&nbsp;<\/p>\n<p>With the option of costum made and made-to-measure, you get an individual knitted model with unique value that will accompany you for a long time - your favourite piece.<\/p>\n<p>You know your style and your ideas best. We will be happy to advise you on your customised model. Please make an appointment with Karin Merkl by phone at +43 (0) 676 \/ 75 76 700 or by email at <a title=\"Make an appointment by mail\" href=\"mailto:office@schauraum.at\" target=\"_blank\" rel=\"noopener noreferrer\">office@schauraum.at<\/a><\/p>\n<p>&nbsp;<\/p>\n<p><a title=\"Open website of austriandesign.at\" href=\"https:\/\/www.austriandesign.at\" target=\"_blank\" rel=\"noopener noreferrer\">austriandesign.at<\/a> stands for creative design, innovative solutions and for products with a certain extra.<\/p>\n<p>&nbsp;<\/p>\n<\/div>\n<div class=\"uk-width-small-1-3\">\n<p><img decoding=\"async\" src=\"http:\/\/www.schauraum.at\/wp-content\/uploads\/icon_custommade.png\" alt=\" Icon custom made\" \/><\/p>\n<p>&nbsp;<\/p>\n<p><img decoding=\"async\" src=\"http:\/\/www.schauraum.at\/wp-content\/uploads\/icon_madetoorder-1.png\" alt=\"Icon made to order\" \/><\/p>\n<\/div>\n<\/div>","protected":false},"excerpt":{"rendered":"<p>KNIT FOR YOU &#8211; MAKE IT YOURS! Custom made! W\u00e4hlen Sie aus den Modellen von austriandesign.at Ihr Wunschmodell aus und lassen Sie es auf Ihre Ma\u00dfe stricken. Werden Sie selber kreativ und individualisieren Sie nach Ihren spezifischen W\u00fcnschen \u2013 Ma\u00dfe, Farben und Farbkombinationen. &nbsp; Made to order! Sie haben einen Pullover, Strickjacke, Schal, \u2026 und [&hellip;]<\/p>\n","protected":false},"author":1,"featured_media":0,"parent":0,"menu_order":0,"comment_status":"closed","ping_status":"closed","template":"","meta":{"footnotes":""},"class_list":["post-4286","page","type-page","status-publish","hentry"],"_links":{"self":[{"href":"https:\/\/www.schauraum.at\/en\/wp-json\/wp\/v2\/pages\/4286","targetHints":{"allow":["GET"]}}],"collection":[{"href":"https:\/\/www.schauraum.at\/en\/wp-json\/wp\/v2\/pages"}],"about":[{"href":"https:\/\/www.schauraum.at\/en\/wp-json\/wp\/v2\/types\/page"}],"author":[{"embeddable":true,"href":"https:\/\/www.schauraum.at\/en\/wp-json\/wp\/v2\/users\/1"}],"replies":[{"embeddable":true,"href":"https:\/\/www.schauraum.at\/en\/wp-json\/wp\/v2\/comments?post=4286"}],"version-history":[{"count":0,"href":"https:\/\/www.schauraum.at\/en\/wp-json\/wp\/v2\/pages\/4286\/revisions"}],"wp:attachment":[{"href":"https:\/\/www.schauraum.at\/en\/wp-json\/wp\/v2\/media?parent=4286"}],"curies":[{"name":"wp","href":"https:\/\/api.w.org\/{rel}","templated":true}]}}