{"id":1310,"date":"2019-12-09T10:21:29","date_gmt":"2019-12-09T10:21:29","guid":{"rendered":"https:\/\/www.schauraum-shop.at\/versandarten\/"},"modified":"2020-11-04T19:31:32","modified_gmt":"2020-11-04T18:31:32","slug":"versand","status":"publish","type":"page","link":"https:\/\/www.schauraum.at\/en\/versand\/","title":{"rendered":"Shipping"},"content":{"rendered":"<h1>Shipping<\/h1>\n<p>&nbsp;<\/p>\n<p>Shipping to Germany is done with Hermes, to other countries with the Austrian Post - CO2 - neutral.<\/p>\n<p>We pack extremely carefully. However, please check the consignments you receive when you take delivery of them and hold any\u00a0<strong>Transport damage\u00a0<\/strong>at the postman's\u00a0<strong>within 24 hours<\/strong>\u00a0in writing after receipt of the goods. Please also inform us of this promptly.<\/p>\n<p>Other <strong>Complaints<\/strong>which we hope will not give rise to any claims, will only be accepted within 14 days by written notice of claim to <a href=\"mailto:office@schauraum.at\">office@schauraum.at<\/a> recognised.<\/p>\n<h2>\u00a0<\/h2>\n<h2>Shipping time<\/h2>\n<p>We ship within 1 - 3 working days. This results in an estimated delivery time<\/p>\n<p>within Austria 5 -10 working days, to Germany, Liechtenstein and Switzerland 8 - 13 working days, to other EU countries 10 - 15 working days, to Canada, the USA and Australia 15 - 25 working days.<\/p>\n<p>&nbsp;<\/p>\n<h2>Shipping costs<\/h2>\n<p>For <strong>Austria, Germany and rest of EU<\/strong> no costs are incurred.<\/p>\n<p>For <strong>Countries outside the EU<\/strong> the shipping costs are based on the destination country (zone) and the total weight of the consignment for a maximum insured value of EUR 510:<\/p>\n<table style=\"border-collapse: collapse; width: 100%; height: 96px;\">\n<tbody>\n<tr style=\"height: 24px;\">\n<td style=\"width: 20%; height: 24px; text-align: center;\"><strong>Weight<\/strong><\/td>\n<td style=\"width: 20%; height: 24px; text-align: center;\"><strong>Zone 2<\/strong><\/td>\n<td style=\"width: 20%; height: 24px; text-align: center;\"><strong>Zone 3<\/strong><\/td>\n<td style=\"width: 20%; height: 24px; text-align: center;\"><strong>Zone 4<\/strong><\/td>\n<td style=\"width: 20%; height: 24px; text-align: center;\"><strong>Zone 5<\/strong><\/td>\n<\/tr>\n<tr style=\"height: 24px;\">\n<td style=\"width: 20%; height: 24px; text-align: center;\">up to 1 kg<\/td>\n<td style=\"width: 20%; height: 24px; text-align: center;\">EUR 18,-<\/td>\n<td style=\"width: 20%; height: 24px; text-align: center;\">EUR 20,-<\/td>\n<td style=\"width: 20%; height: 24px; text-align: center;\">EUR 24,-<\/td>\n<td style=\"width: 20%; height: 24px; text-align: center;\">EUR 28,-<\/td>\n<\/tr>\n<tr style=\"height: 24px;\">\n<td style=\"width: 20%; height: 24px; text-align: center;\">up to 2 kg<\/td>\n<td style=\"width: 20%; height: 24px; text-align: center;\">EUR 22,-<\/td>\n<td style=\"width: 20%; height: 24px; text-align: center;\">EUR 27,-<\/td>\n<td style=\"width: 20%; height: 24px; text-align: center;\">EUR 33,-<\/td>\n<td style=\"width: 20%; height: 24px; text-align: center;\">EUR 41,-<\/td>\n<\/tr>\n<tr style=\"height: 24px;\">\n<td style=\"width: 20%; height: 24px; text-align: center;\">up to 4 kg<\/td>\n<td style=\"width: 20%; height: 24px; text-align: center;\">EUR 30,-<\/td>\n<td style=\"width: 20%; height: 24px; text-align: center;\">EUR 30,-<\/td>\n<td style=\"width: 20%; height: 24px; text-align: center;\">EUR 39,-<\/td>\n<td style=\"width: 20%; height: 24px; text-align: center;\">EUR 68,-<\/td>\n<\/tr>\n<\/tbody>\n<\/table>\n<p>&nbsp;<\/p>\n<p><span style=\"font-size: 10pt;\"><strong>Zone 2<\/strong> Albania, Algeria, Andorra, Armenia, Azerbaijan, Bosnia-Herzegovina, Faroe Islands, Egypt, Georgia, Gibraltar, Greenland, Guernsey (Great Britain), Isle of Man (Great Britain), Israel, Jersey (Great Britain), Liechtenstein, Kosovo, Lebanon, Libya, Morocco, Macedonia, Moldova, Montenegro, Norway, Russian Federation (European and Asian part), San Marino, Serbia, Switzerland (applicable customs duties are to be borne by the customer), Syria, Tunisia, Turkey (European and Asian part), Ukraine, Vatican City, Belarus.<\/span><\/p>\n<p><span style=\"font-size: 10pt;\"><strong>Zone 3<\/strong> West Asia, Africa (northern part) excluding Mediterranean countries and Canada, Marshall Islands, Micronesia (Federated States) and the United States of America Ethiopia, Bahrain, Benin, Burkina Faso, Cameroon, Cape Verde, C\u00f4te d'Ivoire, Djibouti, Eritrea, Gambia, Ghana, Guinea, Guinea-Bissau, Iraq, Iran, Jordan, Kazakhstan, Qatar, Yemen, Kyrgyzstan, Kuwait, Liberia, Mali, Marshall Islands, Mauritania, Micronesia (Federated States), Niger, Nigeria, Oman, Palau, Saudi Arabia, Senegal, Sierra Leone, Somalia, Sudan, Tajikistan, Togo, Chad, Turkmenistan, Uzbekistan, United Arab Emirates, United States of America and associated territories, Central African Republic<\/span><\/p>\n<p><span style=\"font-size: 10pt;\"><strong>Zone 4<\/strong> Africa (southern part), Central and South America, South and East Asia Afghanistan, Angola, Anguilla, Antigua and Barbuda, Equatorial Guinea, Argentina, Aruba, Ascension, Bahamas, Bangladesh, Barbados, Belize, Bermuda, Bhutan, Bolivia, Botswana, Brazil, Brit. Brunei, Burundi, Cambodia, Chile, China (People's Republic), Colombia, Costa Rica, Cura\u00e7ao, Dominica, Dominican Republic, Ecuador, El Salvador, Falkland, French Guiana, Gabon, Grenada, Guadeloupe, Guatemala, Guyana, Haiti, Honduras, Hong Kong (China), India, Indonesia, Jamaica, Japan, Cayman Islands, Kenya, Comoros, Democratic Republic of Congo, Democratic People's Republic of Korea, Republic of Korea, Cuba, Laos, Lesotho, Macao (China), Madagascar, Malawi, Malaysia, Maldives, Martinique, Mauritius, Mayotte, Mexico, Mongolia, Montserrat, Mozambique, Myanmar, Namibia, Nepal, Nicaragua, Pakistan, Panama, Paraguay, Peru, Philippines, R\u00e9union, Rwanda, Zambia, Sao Tome and Principe, Seychelles, Singapore, Sri Lanka, St. Christopher (St. Kitts) and St. Vincent (St. Johnston), Zimbabwe. Christopher (St. Kitts) and Nevis, St. Helena, St. Lucia, St. Martin, St. Pierre and Miquelon, St. Vincent and the Grenadines, South Africa, Suriname, Swaziland, Taiwan (China), Tanzania, Thailand, East Timor, Trinidad and Tobago, Tristan da Cunha, Turks and Caicos Islands, Uganda, Uruguay, Venezuela, Vietnam<\/span><\/p>\n<p><span style=\"font-size: 10pt;\"><strong>Zone 5<\/strong> Australia, New Zealand and Oceania Australia, Cook Islands, Fiji, French Polynesia, Kiribati, Nauru, New Caledonia, New Zealand, Papua New Guinea, Pitcairn Islands, Solomon Islands, Samoa, Tonga, Tuvalu, Vanuatu, Wallis and Futuna<\/span><\/p>\n<p>&nbsp;<\/p>\n<p>&nbsp;<\/p>\n<p><strong>We are happy to help!<\/strong><\/p>\n<p>Contact us during business hours on +43\/676\/75 76 700 or at any time on <a href=\"mailto:office@schauraum.at\">office@schauraum.at<\/a>.<\/p>","protected":false},"excerpt":{"rendered":"<p>Versand &nbsp; Der Versand nach Deutschland erfolgt mit Hermes, in andere L\u00e4nder mit der \u00f6sterreichischen Post &#8211; CO2 \u2013 neutral. Wir verpacken \u00e4u\u00dferst sorgf\u00e4ltig. \u00dcberpr\u00fcfen Sie bitte jedoch die erhaltenen Sendungen bei \u00dcbernahme und halten eventuelle\u00a0Transportsch\u00e4den\u00a0beim Zusteller\u00a0innerhalb von 24 Stunden\u00a0nach Erhalt der Ware schriftlich fest. Teilen Sie uns dies ebenfalls zeitnah mit. Sonstige Reklamationen, zu [&hellip;]<\/p>\n","protected":false},"author":1,"featured_media":0,"parent":0,"menu_order":0,"comment_status":"closed","ping_status":"closed","template":"","meta":{"footnotes":""},"class_list":["post-1310","page","type-page","status-publish","hentry"],"_links":{"self":[{"href":"https:\/\/www.schauraum.at\/en\/wp-json\/wp\/v2\/pages\/1310","targetHints":{"allow":["GET"]}}],"collection":[{"href":"https:\/\/www.schauraum.at\/en\/wp-json\/wp\/v2\/pages"}],"about":[{"href":"https:\/\/www.schauraum.at\/en\/wp-json\/wp\/v2\/types\/page"}],"author":[{"embeddable":true,"href":"https:\/\/www.schauraum.at\/en\/wp-json\/wp\/v2\/users\/1"}],"replies":[{"embeddable":true,"href":"https:\/\/www.schauraum.at\/en\/wp-json\/wp\/v2\/comments?post=1310"}],"version-history":[{"count":0,"href":"https:\/\/www.schauraum.at\/en\/wp-json\/wp\/v2\/pages\/1310\/revisions"}],"wp:attachment":[{"href":"https:\/\/www.schauraum.at\/en\/wp-json\/wp\/v2\/media?parent=1310"}],"curies":[{"name":"wp","href":"https:\/\/api.w.org\/{rel}","templated":true}]}}